{"id":8,"date":"2011-11-14T12:30:42","date_gmt":"2011-11-14T11:30:42","guid":{"rendered":"http:\/\/www.monika-bluemel.de\/?page_id=8"},"modified":"2015-05-13T12:01:02","modified_gmt":"2015-05-13T11:01:02","slug":"impressum","status":"publish","type":"page","link":"https:\/\/monika-bluemel.de\/?page_id=8","title":{"rendered":"Impressum"},"content":{"rendered":"<h2>Allgemein<\/h2>\n<p>Gem\u00e4\u00df \u00a7 28 Bundesdatenschutzgesetz (BDSG) widerspreche ich jeder kommerziellen Verwendung und Weitergabe aller auf dieser Website befindlichen Daten.<\/p>\n<h2>Verantwortungsbereich<\/h2>\n<p>Dieses Impressum gilt nur f\u00fcr die Internetpr\u00e4senz unter der Adresse: <a href=\"http:\/\/monika-bluemel.de\/\">http:\/\/monika-bluemel.de\/<\/a><\/p>\n<h2>Abgrenzung<\/h2>\n<p>Die Web-Pr\u00e4senz ist Teil des WWW und dementsprechend mit fremden, sich jederzeit wandeln k\u00f6nnenden Web-Sites verkn\u00fcpft, die folglich auch nicht diesem Verantwortungsbereich unterliegen und f\u00fcr die nachfolgende Informationen nicht gelten. Dass die Links weder gegen Sitten noch Gesetze versto\u00dfen, wurde genau einmal gepr\u00fcft: bevor sie hier aufgenommen wurden. Sollten bereits verlinkte Seiten gegen Sitten oder Gesetze versto\u00dfen, so werden die entsprechenden Links unverz\u00fcglich entfernt, sobald ich Kenntnis davon erlange. Solche Links, die zu fremden Webprojekten f\u00fchren, erkennen Sie daran, dass diese sich in einem neuen Browser-Fenster \u00f6ffnen.<\/p>\n<h2>Verantwortlicher Ansprechpartner<\/h2>\n<p>Monika Bl\u00fcmel<br \/>\nBruckersche Str. 116<\/p>\n<p>47839 Krefeld<\/p>\n<p>E-Mail: info(at)monika-bluemel.de<br \/>\nTelefon: 0172 \/ 25 57 184<\/p>\n<h2>Inhaltlich Verantwortlicher gem\u00e4\u00df \u00a7 10 Absatz 3 Mediendienste-Staatsvertrag (MDStV)<\/h2>\n<p>Monika Bl\u00fcmel (Anschrift wie oben)<\/p>\n<h2>Realisierung und Gestaltung<\/h2>\n<p>Hoff Consulting<br \/>\nMarc Hoff<br \/>\nWestparkstr. 30<\/p>\n<p>47803 Krefeld<\/p>\n<p>Tel. 0 21 51 \/ 62 22 41<br \/>\nMobil 0 172 \/ 25 32 808<\/p>\n<p>Einige gestalterische Elemente wurden erstellt von:<\/p>\n<p>Stefanie Kaufmann &#8211; DaffneDesign &#8211; Grafikdesignerin<br \/>\nHeinrich-B\u00f6ll-Stra\u00dfe 24<\/p>\n<p>47918 T\u00f6nisvorst<\/p>\n<p>Tel. 02151_45 33 860<br \/>\nFax 02151_45 33 861<br \/>\nMobil 0176_64 64 45 42<br \/>\ndaffne(at)daffnedesign.de<br \/>\n<a href=\"http:\/\/www.daffnedesign.de\/\">www.daffnedesign.de<\/a><\/p>\n<h2>Copyright<\/h2>\n<p>Die Dienste und Materialien auf dieser Website sind durch das Urheberrecht und\/oder andere Gesetze zu geistigem Eigentum gesch\u00fctzt. Jeder unbefugte Gebrauch der Dienste und Materialien auf dieser Website kann eine Verletzung dieser Gesetze zur Folge haben. Das Copyright f\u00fcr ver\u00f6ffentlichte, von mir selbst erstellte Dokumente \/ Bilder bleibt allein bei mir. Eine Vervielf\u00e4ltigung oder Verwendung solcher Grafiken, Tondokumente, Videosequenzen und Texte in anderen elektronischen oder gedruckten Publikationen ist ohne meine ausdr\u00fcckliche Zustimmung nicht gestattet. Sofern nicht ausdr\u00fccklich genehmigt, ist die Vervielf\u00e4ltigung von Informationen oder Dokumenten auf dieser Publikation in irgendeiner Form ohne eine vorherige schriftliche Erlaubnis vom f\u00fcr diese Website Verantwortlichen (siehe oben) untersagt.<\/p>\n<h2>Keine Haftung<\/h2>\n<p>Die Inhalte dieses Webprojektes wurden sorgf\u00e4ltig gepr\u00fcft und nach bestem Wissen erstellt. Trotzdem wird f\u00fcr die hier dargebotenen Informationen kein Anspruch auf Vollst\u00e4ndigkeit, Aktualit\u00e4t, Qualit\u00e4t und Richtigkeit erhoben. Es kann keine Verantwortung f\u00fcr Sch\u00e4den \u00fcbernommen werden, die durch das Vertrauen auf die Inhalte dieser Website oder deren Gebrauch entstehen.<\/p>\n<h2>Schutzrechtsverletzung<\/h2>\n<p>Falls Sie vermuten, dass von dieser Website aus eines Ihrer Schutzrechte verletzt wird, teilen Sie das bitte umgehend per elektronischer Post mit, damit z\u00fcgig Abhilfe geschafft werden kann. Bitte nehmen Sie zur Kenntnis: Die zeitaufw\u00e4ndigere Einschaltung eines Anwaltes zur f\u00fcr den Diensteanbieter \/ Webseitenverantwortlichen kostenpflichtigen Abmahnung entspricht nicht dessen wirklichen oder mutma\u00dflichen Willen.<\/p>\n<h2>Datenschutz<\/h2>\n<p>Der Schutz Ihrer pers\u00f6nlichen Daten wird sehr ernst genommen. Ich halte mich strikt an die Regeln der Datenschutzgesetze. Personenbezogene Daten werden auf dieser Webseite nur im technisch notwendigen Umfang erhoben. In keinem Fall werden die erhobenen Daten verkauft oder aus anderen Gr\u00fcnden an Dritte weitergegeben.<\/p>\n<h2>Datenschutzerkl\u00e4rung<\/h2>\n<p>Datenverarbeitung auf dieser WebseiteDer Server, auf dem diese Webseite gespeichert ist, erhebt und speichert automatisch in seinen Server-Log-Files Informationen, die Ihr Browser \u00fcbermittelt. Dies sind:<\/p>\n<p>Browsertyp\/ -version<br \/>\nverwendetes Betriebssystem<br \/>\nReferrer URL (die zuvor besuchte Seite)<br \/>\nHostname des zugreifenden Rechners (IP Adresse)<br \/>\nUhrzeit der Serveranfrage.<\/p>\n<p>Diese Daten sind f\u00fcr mich nicht bestimmten Personen zuordenbar. Eine Zusammenf\u00fchrung dieser Daten mit anderen Datenquellen wird nicht vorgenommen, die Daten werden zudem nach einer statistischen Auswertung gel\u00f6scht.<\/p>\n<h2>Newsletter und \u00c4hnliches<\/h2>\n<p>Sollten auf dieser Seite ein Newsletter oder andere Feedbackm\u00f6glichkeiten angeboten werden und Sie m\u00f6chten den Newsletter zuk\u00fcnftig empfangen oder Kontaktformulare u.\u00e4. nutzen, ben\u00f6tige ich von Ihnen eine valide Email-Adresse sowie Informationen, die mir die \u00dcberpr\u00fcfung gestatten, dass Sie der Inhaber der angegebenen Email-Adresse sind bzw. deren Inhaber mit dem Empfang des Newsletters einverstanden ist. Weitere Daten werden nicht erhoben. Ihre Einwilligung zur Speicherung der Daten, der Email-Adresse sowie deren Nutzung zum Versand des Newsletters k\u00f6nnen Sie jederzeit widerrufen.<\/p>\n<h2>Auskunftsrecht<\/h2>\n<p>Sie haben jederzeit das Recht auf Auskunft \u00fcber die bez\u00fcglich Ihrer Person gespeicherten Daten, deren Herkunft und Empf\u00e4nger sowie den Zweck der Speicherung. Auskunft \u00fcber die gespeicherten Daten \u00fcber .Wenn Sie Fragen haben, die Ihnen diese Datenschutzerkl\u00e4rung nicht beantworten konnte oder wenn Sie zu einem Punkt vertiefte Informationen w\u00fcnschen, wenden Sie sich bitte jederzeit an mich. (Mailadresse wie oben.)<\/p>\n","protected":false},"excerpt":{"rendered":"<p>Allgemein Gem\u00e4\u00df \u00a7 28 Bundesdatenschutzgesetz (BDSG) widerspreche ich jeder kommerziellen Verwendung und Weitergabe aller auf dieser Website befindlichen Daten. Verantwortungsbereich Dieses Impressum gilt nur f\u00fcr die Internetpr\u00e4senz unter der Adresse: http:\/\/monika-bluemel.de\/ Abgrenzung Die Web-Pr\u00e4senz ist Teil des WWW und dementsprechend mit fremden, sich jederzeit wandeln k\u00f6nnenden Web-Sites verkn\u00fcpft, die folglich auch nicht diesem Verantwortungsbereich unterliegen [&hellip;]<\/p>\n","protected":false},"author":2,"featured_media":0,"parent":0,"menu_order":0,"comment_status":"open","ping_status":"closed","template":"","meta":{"_et_pb_use_builder":"","_et_pb_old_content":"","_et_gb_content_width":""},"_links":{"self":[{"href":"https:\/\/monika-bluemel.de\/index.php?rest_route=\/wp\/v2\/pages\/8"}],"collection":[{"href":"https:\/\/monika-bluemel.de\/index.php?rest_route=\/wp\/v2\/pages"}],"about":[{"href":"https:\/\/monika-bluemel.de\/index.php?rest_route=\/wp\/v2\/types\/page"}],"author":[{"embeddable":true,"href":"https:\/\/monika-bluemel.de\/index.php?rest_route=\/wp\/v2\/users\/2"}],"replies":[{"embeddable":true,"href":"https:\/\/monika-bluemel.de\/index.php?rest_route=%2Fwp%2Fv2%2Fcomments&post=8"}],"version-history":[{"count":4,"href":"https:\/\/monika-bluemel.de\/index.php?rest_route=\/wp\/v2\/pages\/8\/revisions"}],"predecessor-version":[{"id":95,"href":"https:\/\/monika-bluemel.de\/index.php?rest_route=\/wp\/v2\/pages\/8\/revisions\/95"}],"wp:attachment":[{"href":"https:\/\/monika-bluemel.de\/index.php?rest_route=%2Fwp%2Fv2%2Fmedia&parent=8"}],"curies":[{"name":"wp","href":"https:\/\/api.w.org\/{rel}","templated":true}]}}