{"id":44,"date":"2012-01-31T09:49:31","date_gmt":"2012-01-31T08:49:31","guid":{"rendered":"http:\/\/www.monika-bluemel.de\/?page_id=44"},"modified":"2012-01-31T10:04:32","modified_gmt":"2012-01-31T09:04:32","slug":"live-musik","status":"publish","type":"page","link":"https:\/\/monika-bluemel.de\/?page_id=44","title":{"rendered":"Live-Musik"},"content":{"rendered":"<p>D-J&#8217;s gibt es viele\u00a0&#8211; aber Live-Musik hebt Ihre Veranstaltung auf ein neues Level!<\/p>\n<p>Monika legt auf UND singt &#8211; LIVE &#8211; und das in einer sehr gro\u00dfen Bandbreite. Gleichg\u00fcltig f\u00fcr welches Alter Ihrer G\u00e4ste Sie planen &#8211; gleichg\u00fcltig welche Art von Musik Sie bevorzugen &#8211; finden Sie hier die richtige Sparte, wird Sie Monika nicht entt\u00e4uschen. Sie spielt und singt:<\/p>\n<ul>\n<li>Evergreens<\/li>\n<li>Schlager<\/li>\n<li>Oldies<\/li>\n<li>Rock&#8217;N Roll<\/li>\n<li>Musicalst\u00fccke<\/li>\n<li>Swingmusik<\/li>\n<li>Country<\/li>\n<li>Filmmusik<\/li>\n<li>Partymusik<\/li>\n<li>aktueller Pop<\/li>\n<\/ul>\n<p>Sprechen Sie Ihre Lieblingstitel vor der Veranstaltung mit Monika ab und Sie kann Ihnen mehr als 8.000 Titel zur Auswahl geben. Ihren Lieblingstitel studiert Sie dann gern extra nur f\u00fcr Sie ein, sollte sie ihn nicht auch so schon regelm\u00e4\u00dfig performen.<\/p>\n","protected":false},"excerpt":{"rendered":"<p>D-J&#8217;s gibt es viele\u00a0&#8211; aber Live-Musik hebt Ihre Veranstaltung auf ein neues Level! Monika legt auf UND singt &#8211; LIVE &#8211; und das in einer sehr gro\u00dfen Bandbreite. Gleichg\u00fcltig f\u00fcr welches Alter Ihrer G\u00e4ste Sie planen &#8211; gleichg\u00fcltig welche Art von Musik Sie bevorzugen &#8211; finden Sie hier die richtige Sparte, wird Sie Monika nicht [&hellip;]<\/p>\n","protected":false},"author":2,"featured_media":0,"parent":37,"menu_order":2,"comment_status":"closed","ping_status":"closed","template":"","meta":{"_et_pb_use_builder":"","_et_pb_old_content":"","_et_gb_content_width":""},"_links":{"self":[{"href":"https:\/\/monika-bluemel.de\/index.php?rest_route=\/wp\/v2\/pages\/44"}],"collection":[{"href":"https:\/\/monika-bluemel.de\/index.php?rest_route=\/wp\/v2\/pages"}],"about":[{"href":"https:\/\/monika-bluemel.de\/index.php?rest_route=\/wp\/v2\/types\/page"}],"author":[{"embeddable":true,"href":"https:\/\/monika-bluemel.de\/index.php?rest_route=\/wp\/v2\/users\/2"}],"replies":[{"embeddable":true,"href":"https:\/\/monika-bluemel.de\/index.php?rest_route=%2Fwp%2Fv2%2Fcomments&post=44"}],"version-history":[{"count":3,"href":"https:\/\/monika-bluemel.de\/index.php?rest_route=\/wp\/v2\/pages\/44\/revisions"}],"predecessor-version":[{"id":56,"href":"https:\/\/monika-bluemel.de\/index.php?rest_route=\/wp\/v2\/pages\/44\/revisions\/56"}],"up":[{"embeddable":true,"href":"https:\/\/monika-bluemel.de\/index.php?rest_route=\/wp\/v2\/pages\/37"}],"wp:attachment":[{"href":"https:\/\/monika-bluemel.de\/index.php?rest_route=%2Fwp%2Fv2%2Fmedia&parent=44"}],"curies":[{"name":"wp","href":"https:\/\/api.w.org\/{rel}","templated":true}]}}