{"id":40,"date":"2012-01-31T09:43:27","date_gmt":"2012-01-31T08:43:27","guid":{"rendered":"http:\/\/www.monika-bluemel.de\/?page_id=40"},"modified":"2012-01-31T10:04:13","modified_gmt":"2012-01-31T09:04:13","slug":"alleinunterhaltung","status":"publish","type":"page","link":"https:\/\/monika-bluemel.de\/?page_id=40","title":{"rendered":"Alleinunterhaltung"},"content":{"rendered":"<p>Das Feld der Alleinunterhaltung ist genauso vielschichtig wie klassisch und beliebt. Suchen Sie eine Klavierspielerin im Hintergrund, die angenehme Kl\u00e4nge w\u00e4hrend des Essens verbreitet oder eher eine S\u00e4ngerin, die einen Soloact zum Besten gibt? Oder vielleicht eine D-Jane, die Ihre Location in eine kleine Disco verwandelt und Ihre G\u00e4ste zum Tanzen animiert?<\/p>\n<p>Mit Monika haben Sie all dies in einer Person. Egal, f\u00fcr welchen Anlass. Gern tritt Monika bei Ihnen auf, z.B. bei:<\/p>\n<ul>\n<li>Hochzeiten<\/li>\n<li>Geburtstagen<\/li>\n<li>Jubil\u00e4en<\/li>\n<li>Karnevalsfeiern<\/li>\n<li>Weihnachts- oder Nikolausfeiern<\/li>\n<li>Sommerfesten<\/li>\n<\/ul>\n<p>&nbsp;<\/p>\n","protected":false},"excerpt":{"rendered":"<p>Das Feld der Alleinunterhaltung ist genauso vielschichtig wie klassisch und beliebt. Suchen Sie eine Klavierspielerin im Hintergrund, die angenehme Kl\u00e4nge w\u00e4hrend des Essens verbreitet oder eher eine S\u00e4ngerin, die einen Soloact zum Besten gibt? Oder vielleicht eine D-Jane, die Ihre Location in eine kleine Disco verwandelt und Ihre G\u00e4ste zum Tanzen animiert? Mit Monika haben [&hellip;]<\/p>\n","protected":false},"author":2,"featured_media":0,"parent":37,"menu_order":0,"comment_status":"closed","ping_status":"closed","template":"","meta":{"_et_pb_use_builder":"","_et_pb_old_content":"","_et_gb_content_width":""},"_links":{"self":[{"href":"https:\/\/monika-bluemel.de\/index.php?rest_route=\/wp\/v2\/pages\/40"}],"collection":[{"href":"https:\/\/monika-bluemel.de\/index.php?rest_route=\/wp\/v2\/pages"}],"about":[{"href":"https:\/\/monika-bluemel.de\/index.php?rest_route=\/wp\/v2\/types\/page"}],"author":[{"embeddable":true,"href":"https:\/\/monika-bluemel.de\/index.php?rest_route=\/wp\/v2\/users\/2"}],"replies":[{"embeddable":true,"href":"https:\/\/monika-bluemel.de\/index.php?rest_route=%2Fwp%2Fv2%2Fcomments&post=40"}],"version-history":[{"count":3,"href":"https:\/\/monika-bluemel.de\/index.php?rest_route=\/wp\/v2\/pages\/40\/revisions"}],"predecessor-version":[{"id":55,"href":"https:\/\/monika-bluemel.de\/index.php?rest_route=\/wp\/v2\/pages\/40\/revisions\/55"}],"up":[{"embeddable":true,"href":"https:\/\/monika-bluemel.de\/index.php?rest_route=\/wp\/v2\/pages\/37"}],"wp:attachment":[{"href":"https:\/\/monika-bluemel.de\/index.php?rest_route=%2Fwp%2Fv2%2Fmedia&parent=40"}],"curies":[{"name":"wp","href":"https:\/\/api.w.org\/{rel}","templated":true}]}}