{"id":37,"date":"2012-01-31T09:38:38","date_gmt":"2012-01-31T08:38:38","guid":{"rendered":"http:\/\/www.monika-bluemel.de\/?page_id=37"},"modified":"2012-01-31T10:03:59","modified_gmt":"2012-01-31T09:03:59","slug":"angebot","status":"publish","type":"page","link":"https:\/\/monika-bluemel.de\/?page_id=37","title":{"rendered":"Angebot"},"content":{"rendered":"<p>Monika hat einiges zu bieten und ist nicht nur einfach eine S\u00e4ngerin: Durch ihre jahrzehntelange Erfahrung bietet Sie Entertainment pur &#8211; von der Alleinunterhaltung und Live-Musik bis hin zur Moderation Ihrer eigenen Karaoke-Show.<\/p>\n<p>Im Einzelnen m\u00f6chten wir hier vorstellen:<\/p>\n<h3>Alleinunterhaltung<\/h3>\n<p>Ob klassisch im Hintergrund und begleitend zum Essen oder animierend zum Tanz &#8211; Monika geht auf Ihre G\u00e4ste zu und sorgt f\u00fcr exzellente Unterhaltung. Durch ihre gute Mischung von Unterhaltungs- und Discomusik wei\u00df Monika Ihre G\u00e4ste stets zu begeistern.<\/p>\n<h3>Karaoke<\/h3>\n<p>Durch ihr komplettes professionelles Equipment mit Monitoren, Boxen, geeigneten Mikrofonen und allem, was man zur Durchf\u00fchrung einer gro\u00dfen Karaoke-Show ben\u00f6tigt, verwandelt Monika Ihre Location in eine gro\u00dfe B\u00fchne f\u00fcr Sie und Ihre G\u00e4ste, die ab diesem Moment die Stars sind. F\u00fcr die sch\u00fcchternen G\u00e4ste unterst\u00fctzt Monika diese nat\u00fcrlich mit ihrem Gesang. Nicht umsonst erfreut sich Karaoke auf Festen immer gr\u00f6\u00dferer Beliebtheit.<\/p>\n<h3>Live Musik<\/h3>\n<p>Das Feld der Live Musik ist gro\u00df &#8211; Monika deckt es ab. Durch ihre komplette Anlage mit Licht, Ton und einem vielseitigen Repertoire an Musikst\u00fccken deckt Monika nahezu jedes Fest von 20 &#8211; 200 Personen mit ihrem eigenen Equipment ab &#8211; gleichg\u00fcltig, ob Sie eher Schlager m\u00f6gen oder Rock.<\/p>\n","protected":false},"excerpt":{"rendered":"<p>Monika hat einiges zu bieten und ist nicht nur einfach eine S\u00e4ngerin: Durch ihre jahrzehntelange Erfahrung bietet Sie Entertainment pur &#8211; von der Alleinunterhaltung und Live-Musik bis hin zur Moderation Ihrer eigenen Karaoke-Show. Im Einzelnen m\u00f6chten wir hier vorstellen: Alleinunterhaltung Ob klassisch im Hintergrund und begleitend zum Essen oder animierend zum Tanz &#8211; Monika geht [&hellip;]<\/p>\n","protected":false},"author":2,"featured_media":0,"parent":0,"menu_order":0,"comment_status":"closed","ping_status":"closed","template":"","meta":{"_et_pb_use_builder":"","_et_pb_old_content":"","_et_gb_content_width":""},"_links":{"self":[{"href":"https:\/\/monika-bluemel.de\/index.php?rest_route=\/wp\/v2\/pages\/37"}],"collection":[{"href":"https:\/\/monika-bluemel.de\/index.php?rest_route=\/wp\/v2\/pages"}],"about":[{"href":"https:\/\/monika-bluemel.de\/index.php?rest_route=\/wp\/v2\/types\/page"}],"author":[{"embeddable":true,"href":"https:\/\/monika-bluemel.de\/index.php?rest_route=\/wp\/v2\/users\/2"}],"replies":[{"embeddable":true,"href":"https:\/\/monika-bluemel.de\/index.php?rest_route=%2Fwp%2Fv2%2Fcomments&post=37"}],"version-history":[{"count":2,"href":"https:\/\/monika-bluemel.de\/index.php?rest_route=\/wp\/v2\/pages\/37\/revisions"}],"predecessor-version":[{"id":54,"href":"https:\/\/monika-bluemel.de\/index.php?rest_route=\/wp\/v2\/pages\/37\/revisions\/54"}],"wp:attachment":[{"href":"https:\/\/monika-bluemel.de\/index.php?rest_route=%2Fwp%2Fv2%2Fmedia&parent=37"}],"curies":[{"name":"wp","href":"https:\/\/api.w.org\/{rel}","templated":true}]}}