{"id":33,"date":"2012-01-31T09:27:36","date_gmt":"2012-01-31T08:27:36","guid":{"rendered":"http:\/\/www.monika-bluemel.de\/?page_id=33"},"modified":"2012-01-31T09:43:48","modified_gmt":"2012-01-31T08:43:48","slug":"karaoke","status":"publish","type":"page","link":"https:\/\/monika-bluemel.de\/?page_id=33","title":{"rendered":"Karaoke"},"content":{"rendered":"<p>Karaoke &#8211; eine der beliebtesten Aktivit\u00e4ten f\u00fcr eine gelungene Party! Abseits der &#8222;Zuhause-L\u00f6sungen wie &#8222;Singstar&#8220; oder anderen Spielkonsolen-Umsetzungen k\u00f6nnen Sie sich bei Monika Ihre Titel aus einem gro\u00dfen Repertoire von ca. 4.000 Titeln ausw\u00e4hlen und allein zur Musik oder mit Hilfe von Monika singen.<\/p>\n<p>Ein Riesenspa\u00df f\u00fcr nahezu jeden freudigen Anlass, egal ob Sie Schlager m\u00f6gen oder lieber Rock.<\/p>\n","protected":false},"excerpt":{"rendered":"<p>Karaoke &#8211; eine der beliebtesten Aktivit\u00e4ten f\u00fcr eine gelungene Party! Abseits der &#8222;Zuhause-L\u00f6sungen wie &#8222;Singstar&#8220; oder anderen Spielkonsolen-Umsetzungen k\u00f6nnen Sie sich bei Monika Ihre Titel aus einem gro\u00dfen Repertoire von ca. 4.000 Titeln ausw\u00e4hlen und allein zur Musik oder mit Hilfe von Monika singen. Ein Riesenspa\u00df f\u00fcr nahezu jeden freudigen Anlass, egal ob Sie Schlager [&hellip;]<\/p>\n","protected":false},"author":2,"featured_media":0,"parent":37,"menu_order":1,"comment_status":"closed","ping_status":"closed","template":"","meta":{"_et_pb_use_builder":"","_et_pb_old_content":"","_et_gb_content_width":""},"_links":{"self":[{"href":"https:\/\/monika-bluemel.de\/index.php?rest_route=\/wp\/v2\/pages\/33"}],"collection":[{"href":"https:\/\/monika-bluemel.de\/index.php?rest_route=\/wp\/v2\/pages"}],"about":[{"href":"https:\/\/monika-bluemel.de\/index.php?rest_route=\/wp\/v2\/types\/page"}],"author":[{"embeddable":true,"href":"https:\/\/monika-bluemel.de\/index.php?rest_route=\/wp\/v2\/users\/2"}],"replies":[{"embeddable":true,"href":"https:\/\/monika-bluemel.de\/index.php?rest_route=%2Fwp%2Fv2%2Fcomments&post=33"}],"version-history":[{"count":5,"href":"https:\/\/monika-bluemel.de\/index.php?rest_route=\/wp\/v2\/pages\/33\/revisions"}],"predecessor-version":[{"id":43,"href":"https:\/\/monika-bluemel.de\/index.php?rest_route=\/wp\/v2\/pages\/33\/revisions\/43"}],"up":[{"embeddable":true,"href":"https:\/\/monika-bluemel.de\/index.php?rest_route=\/wp\/v2\/pages\/37"}],"wp:attachment":[{"href":"https:\/\/monika-bluemel.de\/index.php?rest_route=%2Fwp%2Fv2%2Fmedia&parent=33"}],"curies":[{"name":"wp","href":"https:\/\/api.w.org\/{rel}","templated":true}]}}