{"id":13,"date":"2011-11-14T12:47:36","date_gmt":"2011-11-14T11:47:36","guid":{"rendered":"http:\/\/www.monika-bluemel.de\/?page_id=13"},"modified":"2011-11-14T12:48:10","modified_gmt":"2011-11-14T11:48:10","slug":"fur-jeden-anlass-die-richtige-musik","status":"publish","type":"page","link":"https:\/\/monika-bluemel.de\/","title":{"rendered":"F\u00fcr jeden Anlass die richtige Musik!"},"content":{"rendered":"<p><a href=\"https:\/\/monika-bluemel.de\/wp-content\/uploads\/2011\/11\/bluemel-portrait-klein.jpg\"><img decoding=\"async\" loading=\"lazy\" class=\"alignright size-full wp-image-15\" title=\"bluemel-portrait-klein\" src=\"https:\/\/monika-bluemel.de\/wp-content\/uploads\/2011\/11\/bluemel-portrait-klein.jpg\" alt=\"\" width=\"242\" height=\"300\" \/><\/a>Besondere Anl\u00e4sse m\u00fcssen gefeiert werden!<\/p>\n<p>Ich bringe Ihrer Veranstaltung den richtigen Schwung.<\/p>\n<p>Ich begleite Ihre Festivit\u00e4t mit der passenden Tanz-, Stimmungs- oder Hintergrundmusik. Musikalisch, instrumental und\/ oder auch gesanglich.<\/p>\n<p>Mit meinem professionellen Equipment komme ich zu Ihnen und erf\u00fclle gerne Ihre musikalischen W\u00fcnsche.<\/p>\n<p>Ich begr\u00fc\u00dfe Ihre Anfragen per E-Mail, Kontaktformular, oder gern auch telefonisch unter 0172 &#8211; 2 55 71 84.<\/p>\n<p>Vielen Dank f\u00fcr Ihr Interesse,<\/p>\n<p>Ihre<\/p>\n<p>\u00a0<a href=\"https:\/\/monika-bluemel.de\/wp-content\/uploads\/2011\/11\/unterschrift-blume-klein.jpg\"><img decoding=\"async\" loading=\"lazy\" class=\"alignleft size-full wp-image-17\" title=\"unterschrift-blume-klein\" src=\"https:\/\/monika-bluemel.de\/wp-content\/uploads\/2011\/11\/unterschrift-blume-klein.jpg\" alt=\"\" width=\"249\" height=\"88\" \/><\/a><\/p>\n","protected":false},"excerpt":{"rendered":"<p>Besondere Anl\u00e4sse m\u00fcssen gefeiert werden! Ich bringe Ihrer Veranstaltung den richtigen Schwung. Ich begleite Ihre Festivit\u00e4t mit der passenden Tanz-, Stimmungs- oder Hintergrundmusik. Musikalisch, instrumental und\/ oder auch gesanglich. Mit meinem professionellen Equipment komme ich zu Ihnen und erf\u00fclle gerne Ihre musikalischen W\u00fcnsche. Ich begr\u00fc\u00dfe Ihre Anfragen per E-Mail, Kontaktformular, oder gern auch telefonisch unter [&hellip;]<\/p>\n","protected":false},"author":2,"featured_media":0,"parent":0,"menu_order":0,"comment_status":"closed","ping_status":"closed","template":"","meta":{"_et_pb_use_builder":"","_et_pb_old_content":"","_et_gb_content_width":""},"_links":{"self":[{"href":"https:\/\/monika-bluemel.de\/index.php?rest_route=\/wp\/v2\/pages\/13"}],"collection":[{"href":"https:\/\/monika-bluemel.de\/index.php?rest_route=\/wp\/v2\/pages"}],"about":[{"href":"https:\/\/monika-bluemel.de\/index.php?rest_route=\/wp\/v2\/types\/page"}],"author":[{"embeddable":true,"href":"https:\/\/monika-bluemel.de\/index.php?rest_route=\/wp\/v2\/users\/2"}],"replies":[{"embeddable":true,"href":"https:\/\/monika-bluemel.de\/index.php?rest_route=%2Fwp%2Fv2%2Fcomments&post=13"}],"version-history":[{"count":3,"href":"https:\/\/monika-bluemel.de\/index.php?rest_route=\/wp\/v2\/pages\/13\/revisions"}],"predecessor-version":[{"id":19,"href":"https:\/\/monika-bluemel.de\/index.php?rest_route=\/wp\/v2\/pages\/13\/revisions\/19"}],"wp:attachment":[{"href":"https:\/\/monika-bluemel.de\/index.php?rest_route=%2Fwp%2Fv2%2Fmedia&parent=13"}],"curies":[{"name":"wp","href":"https:\/\/api.w.org\/{rel}","templated":true}]}}